{"id":210475,"date":"2018-09-06T20:27:05","date_gmt":"2018-09-06T20:27:05","guid":{"rendered":"http:\/\/itbf.se\/?page_id=210475"},"modified":"2025-07-18T12:58:34","modified_gmt":"2025-07-18T12:58:34","slug":"gdpr","status":"publish","type":"page","link":"https:\/\/itbf.se\/en\/gdpr\/","title":{"rendered":"GDPR"},"content":{"rendered":"<p>[et_pb_section fb_built=&#8221;1&#8243; _builder_version=&#8221;4.16&#8243; global_colors_info=&#8221;{}&#8221;][et_pb_row _builder_version=&#8221;4.16&#8243; background_size=&#8221;initial&#8221; background_position=&#8221;top_left&#8221; background_repeat=&#8221;repeat&#8221; global_colors_info=&#8221;{}&#8221;][et_pb_column type=&#8221;4_4&#8243; _builder_version=&#8221;4.16&#8243; custom_padding=&#8221;|||&#8221; global_colors_info=&#8221;{}&#8221; custom_padding__hover=&#8221;|||&#8221;][et_pb_text _builder_version=&#8221;4.19.0&#8243; vertical_offset_tablet=&#8221;0&#8243; horizontal_offset_tablet=&#8221;0&#8243; z_index_tablet=&#8221;0&#8243; text_text_shadow_horizontal_length_tablet=&#8221;0px&#8221; text_text_shadow_vertical_length_tablet=&#8221;0px&#8221; text_text_shadow_blur_strength_tablet=&#8221;1px&#8221; link_text_shadow_horizontal_length_tablet=&#8221;0px&#8221; link_text_shadow_vertical_length_tablet=&#8221;0px&#8221; link_text_shadow_blur_strength_tablet=&#8221;1px&#8221; ul_text_shadow_horizontal_length_tablet=&#8221;0px&#8221; ul_text_shadow_vertical_length_tablet=&#8221;0px&#8221; ul_text_shadow_blur_strength_tablet=&#8221;1px&#8221; ol_text_shadow_horizontal_length_tablet=&#8221;0px&#8221; ol_text_shadow_vertical_length_tablet=&#8221;0px&#8221; ol_text_shadow_blur_strength_tablet=&#8221;1px&#8221; quote_text_shadow_horizontal_length_tablet=&#8221;0px&#8221; quote_text_shadow_vertical_length_tablet=&#8221;0px&#8221; quote_text_shadow_blur_strength_tablet=&#8221;1px&#8221; header_text_shadow_horizontal_length_tablet=&#8221;0px&#8221; header_text_shadow_vertical_length_tablet=&#8221;0px&#8221; header_text_shadow_blur_strength_tablet=&#8221;1px&#8221; header_2_text_shadow_horizontal_length_tablet=&#8221;0px&#8221; header_2_text_shadow_vertical_length_tablet=&#8221;0px&#8221; header_2_text_shadow_blur_strength_tablet=&#8221;1px&#8221; header_3_text_shadow_horizontal_length_tablet=&#8221;0px&#8221; header_3_text_shadow_vertical_length_tablet=&#8221;0px&#8221; header_3_text_shadow_blur_strength_tablet=&#8221;1px&#8221; header_4_text_shadow_horizontal_length_tablet=&#8221;0px&#8221; header_4_text_shadow_vertical_length_tablet=&#8221;0px&#8221; header_4_text_shadow_blur_strength_tablet=&#8221;1px&#8221; header_5_text_shadow_horizontal_length_tablet=&#8221;0px&#8221; header_5_text_shadow_vertical_length_tablet=&#8221;0px&#8221; header_5_text_shadow_blur_strength_tablet=&#8221;1px&#8221; header_6_text_shadow_horizontal_length_tablet=&#8221;0px&#8221; header_6_text_shadow_vertical_length_tablet=&#8221;0px&#8221; header_6_text_shadow_blur_strength_tablet=&#8221;1px&#8221; box_shadow_horizontal_tablet=&#8221;0px&#8221; box_shadow_vertical_tablet=&#8221;0px&#8221; box_shadow_blur_tablet=&#8221;40px&#8221; box_shadow_spread_tablet=&#8221;0px&#8221; global_colors_info=&#8221;{}&#8221;]<\/p>\n<p style=\"text-align: center;\"><img decoding=\"async\" loading=\"lazy\" class=\"alignnone size-large wp-image-210476\" src=\"http:\/\/media.itbf.se\/2018\/09\/gdpr-1024x342.jpg\" alt=\"\" width=\"1024\" height=\"342\" srcset=\"https:\/\/itbf.se\/wp-content\/uploads\/2018\/09\/gdpr-1024x342.jpg 1024w, https:\/\/itbf.se\/wp-content\/uploads\/2018\/09\/gdpr-300x100.jpg 300w, https:\/\/itbf.se\/wp-content\/uploads\/2018\/09\/gdpr-768x257.jpg 768w, https:\/\/itbf.se\/wp-content\/uploads\/2018\/09\/gdpr-1080x361.jpg 1080w, https:\/\/itbf.se\/wp-content\/uploads\/2018\/09\/gdpr.jpg 1347w\" sizes=\"(max-width: 1024px) 100vw, 1024px\" \/><\/p>\n<p style=\"text-align: center;\">[\/et_pb_text][et_pb_text _builder_version=&#8221;4.19.0&#8243; _module_preset=&#8221;default&#8221; custom_margin=&#8221;|||108px|false|false&#8221; global_colors_info=&#8221;{}&#8221;]<\/p>\n<h1>GDPR &#8211; POLICY F\u00d6R BEHANDLING AV PERSONUPPGIFTER<\/h1>\n<p>Denna policy omfattar Industri-Teknik Bengt Fridh AB.<br \/>Fr\u00e5n den 25 maj 2018 g\u00e4ller den nya Dataskyddsf\u00f6rordningen<br \/>Kontaktuppgifter f\u00f6r information eller klagom\u00e5l \u00e4r:<br \/><strong>Industri-Teknik Bengt Fridh AB, org.nr 556162-6671, F\u00f6retagsv\u00e4gen 16\u00a0232 37 Arl\u00f6v, med telefon 040-43 12 20.<\/strong><\/p>\n<p>Industri-Teknik Bengt Fridh AB v\u00e4rnar om din personliga integritet och str\u00e4var efter att alltid skydda dina personuppgifter p\u00e5 b\u00e4sta s\u00e4tt.<\/p>\n<p>Industri-Teknik Bengt Fridh AB kommer att behandla de personuppgifter s\u00e5som namn och eventuella adresser, som vi registrerar om dig i syfte att f\u00f6rse dig med den information och de tj\u00e4nster som du beg\u00e4rt, samt f\u00f6r uppf\u00f6ljning av f\u00f6rs\u00e4ljning\/produktutveckling.<\/p>\n<p>Vi lagrar inte personuppgifter l\u00e4ngre tid \u00e4n vi beh\u00f6ver eller m\u00e5ste av lagliga sk\u00e4l.<\/p>\n<p>Antalet m\u00e4nniskor som har tillg\u00e5ng till uppgifterna \u00e4r begr\u00e4nsat och uppgifterna l\u00e4mnas inte ut till n\u00e5gon annan organisation annat \u00e4n d\u00e5 de ska utf\u00f6ra tj\u00e4nster f\u00f6r Industri-Teknik Bengt Fridh AB r\u00e4kning och i s\u00e5 fall i samband med att ett s\u00e4rskilt avtal om sekretess tecknas.<\/p>\n<p>Om Industri-Teknik Bengt Fridh AB f\u00e5r ett dataintr\u00e5ng eller om en oavsiktlig f\u00f6rlust av personuppgifter intr\u00e4ffar kommer den personuppgiftsansvarige att dokumentera incidenten och anm\u00e4la den till Datainspektionen och drabbade kunder inom 72 timmar.<\/p>\n<p>Du har enligt GDPR r\u00e4tt att en g\u00e5ng per kalender\u00e5r f\u00e5 besked om vilka personuppgifter som behandlas om dig hos oss oavsett hur dessa samlats in. Ifall du vill ha s\u00e5dan information ber vi dig maila oss p\u00e5 <a href=\"mailto:info@itbf.se\">info@itbf.se<\/a>.<\/p>\n<p>Du har r\u00e4tt att n\u00e4r som helst \u00e5terkalla ett l\u00e4mnat samtycke om behandling av personuppgifter och om dina personuppgifter behandlas i strid med personuppgiftslagen har du r\u00e4tt att beg\u00e4ra att personuppgifterna r\u00e4ttas, blockeras eller raderas.<\/p>\n<p>Denna Webbplats inneh\u00e5ller l\u00e4nkar till andra webbsidor. Vi ansvarar inte f\u00f6r inneh\u00e5llet p\u00e5 s\u00e5dana webbsidor och inte heller f\u00f6r deras behandling av personuppgifter.<\/p>\n<p>[\/et_pb_text][\/et_pb_column][\/et_pb_row][\/et_pb_section]<\/p>\n","protected":false},"excerpt":{"rendered":"<p>GDPR &#8211; POLICY F\u00d6R BEHANDLING AV PERSONUPPGIFTER Denna policy omfattar Industri-Teknik Bengt Fridh AB.Fr\u00e5n den 25 maj 2018 g\u00e4ller den nya Dataskyddsf\u00f6rordningenKontaktuppgifter f\u00f6r information eller klagom\u00e5l \u00e4r:Industri-Teknik Bengt Fridh AB, org.nr 556162-6671, F\u00f6retagsv\u00e4gen 16\u00a0232 37 Arl\u00f6v, med telefon 040-43 12 20. Industri-Teknik Bengt Fridh AB v\u00e4rnar om din personliga integritet och str\u00e4var efter att alltid [&hellip;]<\/p>\n","protected":false},"author":1,"featured_media":0,"parent":0,"menu_order":0,"comment_status":"closed","ping_status":"closed","template":"","meta":{"_et_pb_use_builder":"on","_et_pb_old_content":"","_et_gb_content_width":""},"_links":{"self":[{"href":"https:\/\/itbf.se\/en\/wp-json\/wp\/v2\/pages\/210475"}],"collection":[{"href":"https:\/\/itbf.se\/en\/wp-json\/wp\/v2\/pages"}],"about":[{"href":"https:\/\/itbf.se\/en\/wp-json\/wp\/v2\/types\/page"}],"author":[{"embeddable":true,"href":"https:\/\/itbf.se\/en\/wp-json\/wp\/v2\/users\/1"}],"replies":[{"embeddable":true,"href":"https:\/\/itbf.se\/en\/wp-json\/wp\/v2\/comments?post=210475"}],"version-history":[{"count":6,"href":"https:\/\/itbf.se\/en\/wp-json\/wp\/v2\/pages\/210475\/revisions"}],"predecessor-version":[{"id":211137,"href":"https:\/\/itbf.se\/en\/wp-json\/wp\/v2\/pages\/210475\/revisions\/211137"}],"wp:attachment":[{"href":"https:\/\/itbf.se\/en\/wp-json\/wp\/v2\/media?parent=210475"}],"curies":[{"name":"wp","href":"https:\/\/api.w.org\/{rel}","templated":true}]}}