{"id":210204,"date":"2018-03-14T14:59:32","date_gmt":"2018-03-14T14:59:32","guid":{"rendered":"http:\/\/testsajt28.hemsidemallar.eu\/?page_id=210204"},"modified":"2022-07-01T08:23:59","modified_gmt":"2022-07-01T08:23:59","slug":"nyheter","status":"publish","type":"page","link":"https:\/\/itbf.se\/en\/nyheter\/","title":{"rendered":"Nyheter"},"content":{"rendered":"<p>[et_pb_section fb_built=&#8221;1&#8243; _builder_version=&#8221;4.4.0&#8243; custom_padding=&#8221;37px|||||&#8221;][et_pb_row _builder_version=&#8221;4.4.0&#8243; background_size=&#8221;initial&#8221; background_position=&#8221;top_left&#8221; background_repeat=&#8221;repeat&#8221; width=&#8221;80.1%&#8221; custom_margin=&#8221;-16px|353px||246px||&#8221; custom_margin_tablet=&#8221;&#8221; custom_margin_phone=&#8221;|0px||0px|false|false&#8221; custom_margin_last_edited=&#8221;on|phone&#8221; custom_padding=&#8221;|0px||144px|false|false&#8221;][et_pb_column type=&#8221;4_4&#8243; _builder_version=&#8221;3.25&#8243; custom_padding=&#8221;|||&#8221; custom_padding__hover=&#8221;|||&#8221;][et_pb_text _builder_version=&#8221;4.4.0&#8243; width=&#8221;82.8%&#8221; min_height=&#8221;87px&#8221; custom_margin=&#8221;40px|-74px|11px|-3px||&#8221; custom_margin_tablet=&#8221;&#8221; custom_margin_phone=&#8221;40px|40px||40px|false|false&#8221; custom_margin_last_edited=&#8221;on|phone&#8221; custom_padding=&#8221;0px|0px|0px|74px||&#8221;]<\/p>\n<h1>\u00a0<\/h1>\n<h1>Nyhet 2022<\/h1>\n<h1>MO-Group<\/h1>\n<p>Har givit oss f\u00f6rtroendet f\u00f6r projektet\u00a0Vulcan Oman som ska bygga en\u00a0Pellet Plant i Oman.<\/p>\n<p>&nbsp;<\/p>\n<p>&nbsp;<\/p>\n<p>[\/et_pb_text][et_pb_text _builder_version=&#8221;4.4.0&#8243; width=&#8221;82.8%&#8221; min_height=&#8221;87px&#8221; custom_margin=&#8221;40px|-74px|11px|-3px||&#8221; custom_margin_tablet=&#8221;&#8221; custom_margin_phone=&#8221;40px|40px||40px|false|false&#8221; custom_margin_last_edited=&#8221;on|phone&#8221; custom_padding=&#8221;0px|0px|0px|74px||&#8221;]<\/p>\n<h1>\u00a0<\/h1>\n<h1>Nyhet 2022<\/h1>\n<h1>Grand Union\/Sinosteel<\/h1>\n<p>Har givit oss f\u00f6rtroendet f\u00f6r f\u00f6ljande projekt<\/p>\n<p>&nbsp;<\/p>\n<p>Fujian Long Steel: 18 st. br\u00e4nnare f\u00f6r kulsinterverk.<\/p>\n<p>Anhui SKDC: 18 st. br\u00e4nnare f\u00f6r kulsinterverk.<\/p>\n<p>Nanjing Jiniang: 28 st. br\u00e4nnare som ocks\u00e5 \u00e4r f\u00f6r kulsinterverk.<\/p>\n<p>&nbsp;<\/p>\n<p>&nbsp;<\/p>\n<p>[\/et_pb_text][et_pb_text _builder_version=&#8221;4.4.0&#8243; width=&#8221;82.8%&#8221; min_height=&#8221;87px&#8221; custom_margin=&#8221;40px|-74px|11px|-3px||&#8221; custom_margin_tablet=&#8221;&#8221; custom_margin_phone=&#8221;40px|40px||40px|false|false&#8221; custom_margin_last_edited=&#8221;on|phone&#8221; custom_padding=&#8221;0px|0px|0px|74px||&#8221;]<\/p>\n<h1>\u00a0<\/h1>\n<h1>God jul &amp; Gott nytt \u00e5r \u00f6nskar Industri-Teknik Bengt Fridh AB<\/h1>\n<p>&nbsp;<\/p>\n<p>&nbsp;<\/p>\n<p>[\/et_pb_text][et_pb_text _builder_version=&#8221;4.4.0&#8243; width=&#8221;82.8%&#8221; min_height=&#8221;87px&#8221; custom_margin=&#8221;40px|-74px|11px|-3px||&#8221; custom_margin_tablet=&#8221;&#8221; custom_margin_phone=&#8221;40px|40px||40px|false|false&#8221; custom_margin_last_edited=&#8221;on|phone&#8221; custom_padding=&#8221;0px|0px|0px|74px||&#8221;]<\/p>\n<h1>\u00a0<\/h1>\n<h1><span>Nyhet 2021<\/span><\/h1>\n<h1>Zeeco &amp; E.on<\/h1>\n<p><span style=\"font-size: 15px;\"><\/span><\/p>\n<p>Tillsammans med Zeeco och E.on konverterar vi fj\u00e4rrv\u00e4rmepannan p\u00e5 E.on Utklippan Malm\u00f6 till naturgas.<\/p>\n<p>&nbsp;<\/p>\n<p>&nbsp;<\/p>\n<p>[\/et_pb_text][et_pb_text _builder_version=&#8221;4.4.0&#8243; width=&#8221;82.8%&#8221; min_height=&#8221;87px&#8221; custom_margin=&#8221;-30px|-74px|11px|-3px||&#8221; custom_margin_tablet=&#8221;&#8221; custom_margin_phone=&#8221;40px|40px||40px|false|false&#8221; custom_margin_last_edited=&#8221;on|phone&#8221; custom_padding=&#8221;0px|0px|0px|74px||&#8221;]<\/p>\n<h1>\u00a0<\/h1>\n<h1><span>Nyhet 2021<\/span><\/h1>\n<h1>Sekab<\/h1>\n<p><span style=\"font-size: 15px;\"><\/span><\/p>\n<p>Har gjort en best\u00e4llning p\u00e5 en termisk reningsanl\u00e4ggning,<\/p>\n<p>med v\u00e4rme\u00e5tervinning i form av \u00e5ngpanna med ett processgasfl\u00f6de p\u00e5 32 000 Nm3.<\/p>\n<p>[\/et_pb_text][et_pb_text _builder_version=&#8221;4.4.0&#8243; width=&#8221;82.8%&#8221; min_height=&#8221;87px&#8221; custom_margin=&#8221;40px|-74px|11px|-3px||&#8221; custom_margin_tablet=&#8221;&#8221; custom_margin_phone=&#8221;40px|40px||40px|false|false&#8221; custom_margin_last_edited=&#8221;on|phone&#8221; custom_padding=&#8221;0px|0px|0px|74px||&#8221;]<\/p>\n<h1>\u00a0<\/h1>\n<h1><span>Nyhet 2021<\/span><\/h1>\n<h1>Metso Outotec<\/h1>\n<p><span style=\"font-size: 15px;\"><\/span><\/p>\n<p>Har givit oss f\u00f6rtroendet f\u00f6r f\u00f6ljande projekt<\/p>\n<p>Bangtou: 28 st. br\u00e4nnare f\u00f6r kulsinterverk.<\/p>\n<p>YuXi: 28 st. br\u00e4nnare som ocks\u00e5 \u00e4r till kulsinterverk.<\/p>\n<p>[\/et_pb_text][et_pb_text _builder_version=&#8221;4.4.0&#8243; width=&#8221;82.8%&#8221; min_height=&#8221;87px&#8221; custom_margin=&#8221;40px|-74px|11px|-3px||&#8221; custom_margin_tablet=&#8221;&#8221; custom_margin_phone=&#8221;40px|40px||40px|false|false&#8221; custom_margin_last_edited=&#8221;on|phone&#8221; custom_padding=&#8221;0px|0px|0px|74px||&#8221;]<\/p>\n<h1>\u00a0<\/h1>\n<h1><span>Nyhet 2021<\/span><\/h1>\n<h1>Sinosteel<\/h1>\n<p><span style=\"font-size: 15px;\"><\/span><\/p>\n<p>Har gjort en best\u00e4llning p\u00e5 24 st. br\u00e4nnare till projektet Guangxi Shenlong.<\/p>\n<p>[\/et_pb_text][et_pb_text _builder_version=&#8221;4.4.0&#8243; width=&#8221;82.8%&#8221; min_height=&#8221;87px&#8221; custom_margin=&#8221;40px|-74px|11px|-3px||&#8221; custom_margin_tablet=&#8221;&#8221; custom_margin_phone=&#8221;40px|40px||40px|false|false&#8221; custom_margin_last_edited=&#8221;on|phone&#8221; custom_padding=&#8221;0px|0px|0px|74px||&#8221;]<\/p>\n<h1>\u00a0<\/h1>\n<h1><span>Nyhet 2021<\/span><\/h1>\n<h1>LKAB<\/h1>\n<p><span style=\"font-size: 15px;\"><\/span><\/p>\n<p>Vi har f\u00e5tt en order p\u00e5 2 st. lancebr\u00e4nnare med automatik f\u00f6r f\u00f6rv\u00e4rmning av kulsinterverk. 9 resp. 12 MW per br\u00e4nnare.<\/p>\n<p>[\/et_pb_text][et_pb_text _builder_version=&#8221;4.4.0&#8243; width=&#8221;82.8%&#8221; min_height=&#8221;87px&#8221; custom_margin=&#8221;40px|-74px|11px|-3px||&#8221; custom_margin_tablet=&#8221;&#8221; custom_margin_phone=&#8221;40px|40px||40px|false|false&#8221; custom_margin_last_edited=&#8221;on|phone&#8221; custom_padding=&#8221;0px|0px|0px|74px||&#8221;]<\/p>\n<h1><\/h1>\n<p>&nbsp;<\/p>\n<h1><span>Nyhet 2021<\/span><\/h1>\n<h1>Pump och Pyrolysteknik i Malm\u00f6 AB<\/h1>\n<p><span style=\"font-size: 15px;\"><\/span><\/p>\n<p>Har gjort en best\u00e4llning p\u00e5 styrsystem f\u00f6r pyrolysanl\u00e4ggning.<\/p>\n<p>[\/et_pb_text][et_pb_text _builder_version=&#8221;4.4.0&#8243; width=&#8221;82.8%&#8221; min_height=&#8221;87px&#8221; custom_margin=&#8221;40px|-74px|11px|-3px||&#8221; custom_margin_tablet=&#8221;&#8221; custom_margin_phone=&#8221;40px|40px||40px|false|false&#8221; custom_margin_last_edited=&#8221;on|phone&#8221; custom_padding=&#8221;0px|0px|0px|74px||&#8221;]<\/p>\n<h1><\/h1>\n<p>&nbsp;<\/p>\n<h1><span>Nyhet 2021<\/span><\/h1>\n<h1>Zhonggang Binhai<\/h1>\n<p><span style=\"font-size: 15px;\"><\/span><\/p>\n<p>Vi har f\u00e5tt \u00e4nnu en best\u00e4llning fr\u00e5n Baosteel Engineering and Technology p\u00e5 32 st br\u00e4nnare f\u00f6r naturgas.<\/p>\n<p>Slutkunden \u00e4r Zhonggang Binhai<\/p>\n<p>[\/et_pb_text][et_pb_text _builder_version=&#8221;4.4.0&#8243; width=&#8221;82.8%&#8221; min_height=&#8221;87px&#8221; custom_margin=&#8221;40px|-74px|11px|-3px||&#8221; custom_margin_tablet=&#8221;&#8221; custom_margin_phone=&#8221;40px|40px||40px|false|false&#8221; custom_margin_last_edited=&#8221;on|phone&#8221; custom_padding=&#8221;0px|0px|0px|74px||&#8221;]<\/p>\n<h1><\/h1>\n<p>&nbsp;<\/p>\n<h1><span>Nyhet 2021<\/span><\/h1>\n<h1>Outotec &#8211; Xi Chang\u00a0<\/h1>\n<p><span style=\"font-size: 15px;\"><\/span><\/p>\n<p>Vi har \u00e4nnu en g\u00e5ng f\u00e5tt f\u00f6rtroendet av Outotec att leverera 22 st. br\u00e4nnarsystem f\u00f6r koksgas till projektet Xi Chang i Kina.<\/p>\n<p>[\/et_pb_text][et_pb_text _builder_version=&#8221;4.4.0&#8243; width=&#8221;82.8%&#8221; min_height=&#8221;87px&#8221; custom_margin=&#8221;40px|-74px|11px|-3px||&#8221; custom_margin_tablet=&#8221;&#8221; custom_margin_phone=&#8221;40px|40px||40px|false|false&#8221; custom_margin_last_edited=&#8221;on|phone&#8221; custom_padding=&#8221;0px|0px|0px|74px||&#8221;]<\/p>\n<h1><\/h1>\n<p>&nbsp;<\/p>\n<h1><span>Nyhet 2021<\/span><\/h1>\n<h1>Kunming Iron &amp; Steel\u00a0<\/h1>\n<p><span style=\"font-size: 15px;\"><\/span><\/p>\n<p>Vi har f\u00e5tt f\u00f6rtroendet till att leverera 18 st. br\u00e4nnarsystem f\u00f6r mixgas till Kunming Iron &amp; Steel i Kina<\/p>\n<p>[\/et_pb_text][et_pb_image src=&#8221;https:\/\/itbf.se\/wp-content\/uploads\/2021\/05\/Kunming.jpg&#8221; _builder_version=&#8221;4.4.0&#8243; custom_margin=&#8221;|||69px||&#8221;][\/et_pb_image][et_pb_text _builder_version=&#8221;4.4.0&#8243; width=&#8221;82.8%&#8221; min_height=&#8221;87px&#8221; custom_margin=&#8221;40px|-74px|11px|-3px||&#8221; custom_margin_tablet=&#8221;&#8221; custom_margin_phone=&#8221;40px|40px||40px|false|false&#8221; custom_margin_last_edited=&#8221;on|phone&#8221; custom_padding=&#8221;0px|0px|0px|74px||&#8221;]<\/p>\n<h1><\/h1>\n<p>&nbsp;<\/p>\n<h1><span>Nyhet 2021<\/span><\/h1>\n<h1>MAA Steel\u00a0<\/h1>\n<p><span style=\"font-size: 15px;\"><\/span><\/p>\n<p>Har gjort en best\u00e4llning p\u00e5 26 st. br\u00e4nnare f\u00f6r koksgas till Kina.<\/p>\n<p>[\/et_pb_text][et_pb_image src=&#8221;https:\/\/itbf.se\/wp-content\/uploads\/2021\/05\/MAA.jpg&#8221; _builder_version=&#8221;4.4.0&#8243; custom_padding=&#8221;|||68px||&#8221;][\/et_pb_image][et_pb_text _builder_version=&#8221;4.4.0&#8243; width=&#8221;82.8%&#8221; min_height=&#8221;87px&#8221; custom_margin=&#8221;40px|-74px|11px|-3px||&#8221; custom_margin_tablet=&#8221;&#8221; custom_margin_phone=&#8221;40px|40px||40px|false|false&#8221; custom_margin_last_edited=&#8221;on|phone&#8221; custom_padding=&#8221;0px|0px|0px|74px||&#8221;]<\/p>\n<h1><\/h1>\n<p>&nbsp;<\/p>\n<h1><span>Nyhet 2020<\/span><\/h1>\n<h1>Metso : Outotec\u00a0<\/h1>\n<p><span style=\"font-size: 15px;\"><\/span><\/p>\n<p>Har best\u00e4llt 22 st.\u00a0br\u00e4nnarsystem f\u00f6r koksgas f\u00f6r ett projekt Nantong Ferrous (Zenith) i Kina.<\/p>\n<p>[\/et_pb_text][et_pb_image src=&#8221;https:\/\/itbf.se\/wp-content\/uploads\/2020\/10\/Hemsidan-metso-scaled.jpg&#8221; _builder_version=&#8221;4.4.0&#8243; width=&#8221;52.4%&#8221; custom_margin=&#8221;||43px|||&#8221; custom_padding=&#8221;8px|||67px||&#8221;][\/et_pb_image][et_pb_image src=&#8221;https:\/\/itbf.se\/wp-content\/uploads\/2021\/05\/zenith.jpg&#8221; _builder_version=&#8221;4.4.0&#8243; min_height=&#8221;619px&#8221; custom_margin=&#8221;-42px|||||&#8221; custom_padding=&#8221;||0px|68px||&#8221;][\/et_pb_image][et_pb_text _builder_version=&#8221;4.4.0&#8243; width=&#8221;82.8%&#8221; min_height=&#8221;97px&#8221; custom_margin=&#8221;-26px|-74px|-1px|39px||&#8221; custom_margin_tablet=&#8221;&#8221; custom_margin_phone=&#8221;40px|40px||40px|false|false&#8221; custom_margin_last_edited=&#8221;on|phone&#8221; custom_padding=&#8221;0px|0px|0px|29px||&#8221;]<\/p>\n<h1><span style=\"color: #006000; font-family: Open Sans,Arial,sans-serif; font-size: medium;\" color=\"#006000\" face=\"Open Sans,Arial,sans-serif\" size=\"3\"><\/span><\/h1>\n<h1><span style=\"font-size: 34px;\"><\/span><\/h1>\n<h1><span style=\"font-size: 34px;\"><\/span><\/h1>\n<h1><span style=\"font-size: 34px;\"><\/span><\/h1>\n<h1><span style=\"font-size: 34px;\"><\/span><\/h1>\n<h1><span style=\"font-size: 34px;\"><\/span><\/h1>\n<h1><span style=\"font-size: 34px;\"><\/span><\/h1>\n<h1><span style=\"font-size: 34px;\">Nyheter 2019<\/span><\/h1>\n<h1>Inalum\u00a0<\/h1>\n<p>2019 fick vi en order p\u00e5 ett helt nytt APS-System.<\/p>\n<p><span style=\"font-size: 34px;\"><\/span><\/p>\n<p><span style=\"font-size: 34px;\"><\/span><\/p>\n<p>[\/et_pb_text][et_pb_image src=&#8221;https:\/\/itbf.se\/wp-content\/uploads\/2020\/10\/APS-2-scaled.jpg&#8221; _builder_version=&#8221;4.4.0&#8243; width=&#8221;49.2%&#8221; min_height=&#8221;725px&#8221; custom_margin=&#8221;-10px|||65px||&#8221; custom_padding=&#8221;8px|||||&#8221;][\/et_pb_image][et_pb_text _builder_version=&#8221;4.4.0&#8243; width=&#8221;82.8%&#8221; min_height=&#8221;87px&#8221; custom_margin=&#8221;41px|-74px|-1px|39px||&#8221; custom_margin_tablet=&#8221;&#8221; custom_margin_phone=&#8221;40px|40px||40px|false|false&#8221; custom_margin_last_edited=&#8221;on|phone&#8221; custom_padding=&#8221;0px|0px|0px|24px||&#8221;]<\/p>\n<h1><\/h1>\n<h1><span style=\"font-size: 34px;\">Nyheter 2019<\/span><\/h1>\n<h1><span>Alcoa Mosj\u00f8en<\/span><\/h1>\n<p><span><\/span><\/p>\n<p>Under 2019 utf\u00f6rde vi en uppdatering av ett 20 \u00e5r gammalt APS-System.<\/p>\n<p><span style=\"font-size: 34px;\"><\/span><\/p>\n<p><span style=\"font-size: 34px;\"><\/span><\/p>\n<p>[\/et_pb_text][et_pb_image src=&#8221;https:\/\/itbf.se\/wp-content\/uploads\/2020\/10\/Hemsidan-Alcoa-1.png&#8221; _builder_version=&#8221;4.4.0&#8243; width=&#8221;64.8%&#8221; custom_margin=&#8221;-13px|||||&#8221; custom_padding=&#8221;0px|||61px||&#8221;][\/et_pb_image][et_pb_text _builder_version=&#8221;4.4.0&#8243; width=&#8221;82.8%&#8221; min_height=&#8221;87px&#8221; custom_margin=&#8221;-15px|-74px||61px||&#8221; custom_margin_tablet=&#8221;&#8221; custom_margin_phone=&#8221;40px|40px||40px|false|false&#8221; custom_margin_last_edited=&#8221;on|phone&#8221; custom_padding=&#8221;0px|0px|0px|0px||&#8221;]<\/p>\n<h1><\/h1>\n<h1><span style=\"font-size: 34px;\">Nyheter 2018<\/span><\/h1>\n<h1>Metso Minerals<\/h1>\n<p>&nbsp;<\/p>\n<p>Ett v\u00e4ldigt stort projekt under 2018\/2019 var Tata Steel Indien.<br \/> Vi levererade 30 st br\u00e4nnarsystem f\u00f6r kulsinterverk.<\/p>\n<p>Koksgas och tj\u00e4rolja som br\u00e4nsle, 4,1 &#8211; 5,85 och 7,3 MW effekt per br\u00e4nnare.<br \/> Komplett med PLC-baserat BMS och s\u00e4kerhetssystem.<\/p>\n<p>[\/et_pb_text][et_pb_image src=&#8221;http:\/\/media.itbf.se\/2020\/03\/metso-l\u00e5dor-scaled.jpg&#8221; _builder_version=&#8221;4.4.0&#8243; width=&#8221;70.9%&#8221; custom_margin=&#8221;-20px|30px|0px|58px|false|false&#8221; custom_margin_tablet=&#8221;&#8221; custom_margin_phone=&#8221;|40px||40px|false|false&#8221; custom_margin_last_edited=&#8221;on|phone&#8221; custom_padding=&#8221;0px|||0px||&#8221;][\/et_pb_image][et_pb_image src=&#8221;http:\/\/media.itbf.se\/2020\/03\/metso-sk\u00e5p-2-scaled.jpg&#8221; _builder_version=&#8221;4.4.0&#8243; width=&#8221;71.4%&#8221; custom_margin=&#8221;|40px||57px|false|false&#8221; custom_margin_tablet=&#8221;&#8221; custom_margin_phone=&#8221;|||40px|false|false&#8221; custom_margin_last_edited=&#8221;on|phone&#8221;][\/et_pb_image][et_pb_image src=&#8221;http:\/\/media.itbf.se\/2020\/03\/metso-brinner.jpg&#8221; _builder_version=&#8221;4.4.0&#8243; width=&#8221;60.4%&#8221; custom_margin=&#8221;-30px|40px|7px|2px|false|false&#8221; custom_margin_tablet=&#8221;&#8221; custom_margin_phone=&#8221;|40px|7px|40px|false|false&#8221; custom_margin_last_edited=&#8221;on|phone&#8221; custom_padding=&#8221;0px|||55px|false|false&#8221;][\/et_pb_image][\/et_pb_column][\/et_pb_row][et_pb_row _builder_version=&#8221;4.4.0&#8243; background_size=&#8221;initial&#8221; background_position=&#8221;top_left&#8221; background_repeat=&#8221;repeat&#8221; width=&#8221;80.1%&#8221; custom_margin=&#8221;-16px|353px||239px||&#8221; custom_margin_tablet=&#8221;&#8221; custom_margin_phone=&#8221;|40px||40px|false|false&#8221; custom_margin_last_edited=&#8221;on|phone&#8221; custom_padding=&#8221;|0px||0px|false|false&#8221;][et_pb_column type=&#8221;4_4&#8243; _builder_version=&#8221;3.25&#8243; custom_padding=&#8221;|||&#8221; custom_padding__hover=&#8221;|||&#8221;][et_pb_text _builder_version=&#8221;4.4.0&#8243; width=&#8221;81%&#8221; min_height=&#8221;87px&#8221; custom_margin=&#8221;-44px|-74px||205px||&#8221; custom_margin_tablet=&#8221;&#8221; custom_margin_phone=&#8221;|0px||0px|false|false&#8221; custom_margin_last_edited=&#8221;on|phone&#8221; custom_padding=&#8221;0px|0px|0px|0px|false|false&#8221;]<\/p>\n<h1><\/h1>\n<h1><span style=\"font-size: 34px;\">Nyheter 2018<\/span><\/h1>\n<h1>Norcarb Engineered Carbons AB<\/h1>\n<p>&nbsp;<\/p>\n<p>2018 utf\u00f6rde vi en ny br\u00e4nnarinstallation p\u00e5 Norcarb Engineerd Carbons AB ute i oljehamnen i Malm\u00f6. P\u00e5 bilden syns Gasinloppet och i bakgrunden syns lufthuset.<\/p>\n<p>38 MW prossesgas.<\/p>\n<p>&nbsp;<\/p>\n<p>&nbsp;<\/p>\n<p>[\/et_pb_text][et_pb_image src=&#8221;http:\/\/media.itbf.se\/2020\/03\/carbon-black-rotated.jpg&#8221; _builder_version=&#8221;4.4.0&#8243; width=&#8221;36.8%&#8221; custom_margin=&#8221;-99px|376px||202px||&#8221; custom_padding=&#8221;13px|0px||0px||&#8221;][\/et_pb_image][\/et_pb_column][\/et_pb_row][et_pb_row custom_padding_last_edited=&#8221;on|phone&#8221; _builder_version=&#8221;4.4.0&#8243; background_size=&#8221;initial&#8221; background_position=&#8221;top_left&#8221; background_repeat=&#8221;repeat&#8221; width=&#8221;80.1%&#8221; custom_margin=&#8221;-16px|353px||239px||&#8221; custom_margin_tablet=&#8221;&#8221; custom_margin_phone=&#8221;-16px|40px||40px|false|false&#8221; custom_margin_last_edited=&#8221;on|desktop&#8221; custom_padding=&#8221;|88px||0px||&#8221; custom_padding_tablet=&#8221;&#8221; custom_padding_phone=&#8221;|0px|||false|false&#8221;][et_pb_column type=&#8221;4_4&#8243; _builder_version=&#8221;3.25&#8243; custom_padding=&#8221;|||&#8221; custom_padding__hover=&#8221;|||&#8221;][et_pb_text _builder_version=&#8221;4.4.0&#8243; width=&#8221;82.5%&#8221; min_height=&#8221;87px&#8221; custom_margin=&#8221;-27px|0px||198px|false|false&#8221; custom_margin_tablet=&#8221;&#8221; custom_margin_phone=&#8221;20px|0px||1px|false|false&#8221; custom_margin_last_edited=&#8221;on|phone&#8221; custom_padding=&#8221;0px|0px|0px|0px|false|false&#8221;]<\/p>\n<h1><\/h1>\n<h1><span style=\"font-size: 34px;\">Nyheter 2018<\/span><\/h1>\n<h1>Bara Mineraler<\/h1>\n<p>&nbsp;<\/p>\n<p>2018 fick vi en order utav Bara Mineraler p\u00e5 nytt Gas- och s\u00e4kerhetssystem p\u00e5 bandugnen.<br \/> 12 st br\u00e4nnare f\u00f6r v\u00e4rmebehandling utav jordmassor gjordes ocks\u00e5.<\/p>\n<p>[\/et_pb_text][et_pb_image src=&#8221;http:\/\/media.itbf.se\/2020\/03\/Bara-Mineraler-1-scaled.jpg&#8221; _builder_version=&#8221;4.4.0&#8243; width=&#8221;65.6%&#8221; min_height=&#8221;538px&#8221; custom_margin=&#8221;14px|2px|-54px|198px||&#8221; custom_margin_tablet=&#8221;&#8221; custom_margin_phone=&#8221;14px|40px|-54px|-4px|false|false&#8221; custom_margin_last_edited=&#8221;on|phone&#8221; custom_padding=&#8221;0px|0px||0px||&#8221;][\/et_pb_image][\/et_pb_column][\/et_pb_row][\/et_pb_section]<\/p>\n","protected":false},"excerpt":{"rendered":"<p>\u00a0 Nyhet 2022 MO-Group Har givit oss f\u00f6rtroendet f\u00f6r projektet\u00a0Vulcan Oman som ska bygga en\u00a0Pellet Plant i Oman. &nbsp; &nbsp;\u00a0 Nyhet 2022 Grand Union\/Sinosteel Har givit oss f\u00f6rtroendet f\u00f6r f\u00f6ljande projekt &nbsp; Fujian Long Steel: 18 st. br\u00e4nnare f\u00f6r kulsinterverk. Anhui SKDC: 18 st. br\u00e4nnare f\u00f6r kulsinterverk. Nanjing Jiniang: 28 st. br\u00e4nnare som ocks\u00e5 \u00e4r [&hellip;]<\/p>\n","protected":false},"author":1,"featured_media":0,"parent":0,"menu_order":0,"comment_status":"closed","ping_status":"closed","template":"","meta":{"_et_pb_use_builder":"on","_et_pb_old_content":"","_et_gb_content_width":""},"_links":{"self":[{"href":"https:\/\/itbf.se\/en\/wp-json\/wp\/v2\/pages\/210204"}],"collection":[{"href":"https:\/\/itbf.se\/en\/wp-json\/wp\/v2\/pages"}],"about":[{"href":"https:\/\/itbf.se\/en\/wp-json\/wp\/v2\/types\/page"}],"author":[{"embeddable":true,"href":"https:\/\/itbf.se\/en\/wp-json\/wp\/v2\/users\/1"}],"replies":[{"embeddable":true,"href":"https:\/\/itbf.se\/en\/wp-json\/wp\/v2\/comments?post=210204"}],"version-history":[{"count":116,"href":"https:\/\/itbf.se\/en\/wp-json\/wp\/v2\/pages\/210204\/revisions"}],"predecessor-version":[{"id":211052,"href":"https:\/\/itbf.se\/en\/wp-json\/wp\/v2\/pages\/210204\/revisions\/211052"}],"wp:attachment":[{"href":"https:\/\/itbf.se\/en\/wp-json\/wp\/v2\/media?parent=210204"}],"curies":[{"name":"wp","href":"https:\/\/api.w.org\/{rel}","templated":true}]}}