{"id":210168,"date":"2018-03-13T15:19:48","date_gmt":"2018-03-13T15:19:48","guid":{"rendered":"http:\/\/testsajt28.hemsidemallar.eu\/?page_id=210168"},"modified":"2024-05-07T14:03:07","modified_gmt":"2024-05-07T14:03:07","slug":"produkter","status":"publish","type":"page","link":"https:\/\/itbf.se\/en\/produkter\/","title":{"rendered":"Produkter"},"content":{"rendered":"<p>[et_pb_section fb_built=&#8221;1&#8243; _builder_version=&#8221;4.16&#8243; global_colors_info=&#8221;{}&#8221;][et_pb_row column_structure=&#8221;1_3,1_3,1_3&#8243; _builder_version=&#8221;4.16&#8243; background_size=&#8221;initial&#8221; background_position=&#8221;top_left&#8221; background_repeat=&#8221;repeat&#8221; module_alignment=&#8221;center&#8221; global_colors_info=&#8221;{}&#8221;][et_pb_column type=&#8221;1_3&#8243; _builder_version=&#8221;4.16&#8243; custom_padding=&#8221;|||&#8221; global_colors_info=&#8221;{}&#8221; custom_padding__hover=&#8221;|||&#8221;][et_pb_blurb title=&#8221;ITBF CB Lansbr\u00e4nnare&#8221; image=&#8221;https:\/\/itbf.se\/wp-content\/uploads\/2018\/09\/TAB-026.jpg&#8221; _builder_version=&#8221;4.19.0&#8243; text_orientation=&#8221;center&#8221; hover_enabled=&#8221;0&#8243; global_colors_info=&#8221;{}&#8221; sticky_enabled=&#8221;0&#8243;]<\/p>\n<p>Lansbr\u00e4nnare f\u00f6r gas och\/el flytande br\u00e4nslen, 1MW-12MW<\/p>\n<p>[\/et_pb_blurb][et_pb_blurb title=&#8221;Albrecht-Automatik BmbH &#8221; image=&#8221;https:\/\/itbf.se\/wp-content\/uploads\/2018\/03\/aa_logo.jpg&#8221; _builder_version=&#8221;4.16&#8243; text_orientation=&#8221;center&#8221; global_colors_info=&#8221;{}&#8221;]Elektro pneumatiska s\u00e4kerhetsavst\u00e4ngningsventiler och smutsfilter. Gasventiler enligt EN161. Oljeventiler enligt EN264, EN23553-1.<br \/>\n[\/et_pb_blurb][et_pb_blurb title=&#8221;T\u00e4ndbr\u00e4nnare och br\u00e4nnare&#8221; image=&#8221;https:\/\/itbf.se\/wp-content\/uploads\/2018\/03\/hegweinlogo.jpg&#8221; _builder_version=&#8221;4.16&#8243; text_orientation=&#8221;center&#8221; global_colors_info=&#8221;{}&#8221;]Kompaktbyggda med inbyggd elektronik.<br \/>\n[\/et_pb_blurb][\/et_pb_column][et_pb_column type=&#8221;1_3&#8243; _builder_version=&#8221;4.16&#8243; custom_padding=&#8221;|||&#8221; global_colors_info=&#8221;{}&#8221; custom_padding__hover=&#8221;|||&#8221;][et_pb_blurb title=&#8221;Durag Group&#8221; image=&#8221;https:\/\/itbf.se\/wp-content\/uploads\/2018\/03\/durag_logo.jpg&#8221; _builder_version=&#8221;4.16&#8243; text_orientation=&#8221;center&#8221; global_colors_info=&#8221;{}&#8221;]Br\u00e4nnarstyrning, Flamvakter och UV-celler.\u00a0H\u00f6genergi elektriska t\u00e4ndare<br \/>\n[\/et_pb_blurb][et_pb_blurb title=&#8221;Gas- olja och kombibr\u00e4nnare&#8221; image=&#8221;https:\/\/itbf.se\/wp-content\/uploads\/2018\/03\/haucklogo.gif&#8221; _builder_version=&#8221;4.16&#8243; text_orientation=&#8221;center&#8221; global_colors_info=&#8221;{}&#8221;]Gas- olja och kombibr\u00e4nnare Industribr\u00e4nnare av standard, h\u00f6ghastighets, flatflame mm.<br \/>\n[\/et_pb_blurb][et_pb_blurb title=&#8221;Regulatorer och indikatorer f\u00f6r panelmontage&#8221; image=&#8221;https:\/\/itbf.se\/wp-content\/uploads\/2018\/03\/erologo.gif&#8221; _builder_version=&#8221;4.16&#8243; text_orientation=&#8221;center&#8221; global_colors_info=&#8221;{}&#8221;][\/et_pb_blurb][et_pb_blurb title=&#8221;Gasarmaturer&#8221; image=&#8221;https:\/\/itbf.se\/wp-content\/uploads\/2018\/03\/pietrofiorentini.jpg&#8221; _builder_version=&#8221;4.16&#8243; text_orientation=&#8221;center&#8221; global_colors_info=&#8221;{}&#8221;]Sj\u00e4lvverkande reducerventiler, Snabbst\u00e4ngare, L\u00e4ckavbl\u00e5sare, L\u00e5gtrycks, Mellantrycks, H\u00f6gtryck<br \/>\n[\/et_pb_blurb][\/et_pb_column][et_pb_column type=&#8221;1_3&#8243; _builder_version=&#8221;4.16&#8243; custom_padding=&#8221;|||&#8221; global_colors_info=&#8221;{}&#8221; custom_padding__hover=&#8221;|||&#8221;][et_pb_blurb title=&#8221;Olja, gas och kombibr\u00e4nnare&#8221; image=&#8221;https:\/\/itbf.se\/wp-content\/uploads\/2018\/03\/Credfeld_logo.jpg&#8221; _builder_version=&#8221;4.16&#8243; text_orientation=&#8221;center&#8221; global_colors_info=&#8221;{}&#8221;]Br\u00e4nnare upp till ca 30MW. F\u00f6r oljor v\u00e4tskor och gaser, singel eller kombi.<br \/>\n[\/et_pb_blurb][et_pb_blurb title=&#8221;Industribr\u00e4nnare &#8221; image=&#8221;https:\/\/itbf.se\/wp-content\/uploads\/2018\/03\/abic_logo.jpg&#8221; _builder_version=&#8221;4.16&#8243; text_orientation=&#8221;center&#8221; global_colors_info=&#8221;{}&#8221;]Gas och Olja<br \/>\n[\/et_pb_blurb][et_pb_blurb title=&#8221;Gasarmatur&#8221; image=&#8221;https:\/\/itbf.se\/wp-content\/uploads\/2018\/09\/logodoppio.png&#8221; _builder_version=&#8221;4.16&#8243; text_orientation=&#8221;center&#8221; global_colors_info=&#8221;{}&#8221;]Gasventiler, Gasm\u00e4tare, T\u00e4thetskontroll, Flam\u00f6vervakning, Spj\u00e4llventiler f\u00f6r gas\/luft med st\u00e4llmotorer<br \/>\n[\/et_pb_blurb][\/et_pb_column][\/et_pb_row][\/et_pb_section]<\/p>\n","protected":false},"excerpt":{"rendered":"<p>Lansbr\u00e4nnare f\u00f6r gas och\/el flytande br\u00e4nslen, 1MW-12MWElektro pneumatiska s\u00e4kerhetsavst\u00e4ngningsventiler och smutsfilter. Gasventiler enligt EN161. Oljeventiler enligt EN264, EN23553-1. Kompaktbyggda med inbyggd elektronik. Br\u00e4nnarstyrning, Flamvakter och UV-celler.\u00a0H\u00f6genergi elektriska t\u00e4ndare Gas- olja och kombibr\u00e4nnare Industribr\u00e4nnare av standard, h\u00f6ghastighets, flatflame mm. Sj\u00e4lvverkande reducerventiler, Snabbst\u00e4ngare, L\u00e4ckavbl\u00e5sare, L\u00e5gtrycks, Mellantrycks, H\u00f6gtryck Br\u00e4nnare upp till ca 30MW. F\u00f6r oljor v\u00e4tskor och gaser, [&hellip;]<\/p>\n","protected":false},"author":1,"featured_media":0,"parent":0,"menu_order":0,"comment_status":"closed","ping_status":"closed","template":"","meta":{"_et_pb_use_builder":"on","_et_pb_old_content":"","_et_gb_content_width":""},"_links":{"self":[{"href":"https:\/\/itbf.se\/en\/wp-json\/wp\/v2\/pages\/210168"}],"collection":[{"href":"https:\/\/itbf.se\/en\/wp-json\/wp\/v2\/pages"}],"about":[{"href":"https:\/\/itbf.se\/en\/wp-json\/wp\/v2\/types\/page"}],"author":[{"embeddable":true,"href":"https:\/\/itbf.se\/en\/wp-json\/wp\/v2\/users\/1"}],"replies":[{"embeddable":true,"href":"https:\/\/itbf.se\/en\/wp-json\/wp\/v2\/comments?post=210168"}],"version-history":[{"count":9,"href":"https:\/\/itbf.se\/en\/wp-json\/wp\/v2\/pages\/210168\/revisions"}],"predecessor-version":[{"id":211080,"href":"https:\/\/itbf.se\/en\/wp-json\/wp\/v2\/pages\/210168\/revisions\/211080"}],"wp:attachment":[{"href":"https:\/\/itbf.se\/en\/wp-json\/wp\/v2\/media?parent=210168"}],"curies":[{"name":"wp","href":"https:\/\/api.w.org\/{rel}","templated":true}]}}