{"id":210159,"date":"2018-02-27T15:45:39","date_gmt":"2018-02-27T15:45:39","guid":{"rendered":"http:\/\/testsajt28.hemsidemallar.eu\/?page_id=210159"},"modified":"2018-09-10T12:04:38","modified_gmt":"2018-09-10T12:04:38","slug":"utbildning","status":"publish","type":"page","link":"https:\/\/itbf.se\/en\/utbildning\/","title":{"rendered":"Training"},"content":{"rendered":"<p>[et_pb_section bb_built=&#8221;1&#8243;][et_pb_row][et_pb_column type=&#8221;3_4&#8243;][et_pb_text _builder_version=&#8221;3.0.90&#8243; background_layout=&#8221;light&#8221;]<\/p>\n<h1>Utbildning<\/h1>\n<p>Vi erbjuder kursverksamhet d\u00e4r tekniker utbildas inom exempelvis f\u00f6rbr\u00e4nningssystem, gass\u00e4kerhet, regelverk, uppbyggnad av system samt f\u00f6rbr\u00e4nningsteknik.<\/p>\n<p>I system som levereras fr\u00e5n oss inkluderas oftast ett utbildningspaket g\u00e4llande funktion, handhavande och s\u00e4kerhet. Servicepersonalens utbildning inriktas p\u00e5 fels\u00f6kning och f\u00f6rebyggande underh\u00e5ll. Normalt ges denna utbildning p\u00e5 plats och direkt p\u00e5 levererad utrustning.<\/p>\n<p>Vi utf\u00f6r utbildning f\u00f6r Energigas Sverige, Kategori 4, icke CE-m\u00e4rkta produkter f\u00f6r installationsledare och besiktningsm\u00e4n. \u00c4ven f\u00f6retagsanpassade varianter kan g\u00f6ras.<\/p>\n<p><img decoding=\"async\" loading=\"lazy\" class=\"alignnone size-full wp-image-210277\" src=\"http:\/\/media.itbf.se.loopiadns.com\/2018\/06\/utbildning_ny.jpg\" alt=\"\" width=\"600\" height=\"900\" srcset=\"https:\/\/itbf.se\/wp-content\/uploads\/2018\/06\/utbildning_ny.jpg 600w, https:\/\/itbf.se\/wp-content\/uploads\/2018\/06\/utbildning_ny-200x300.jpg 200w\" sizes=\"(max-width: 600px) 100vw, 600px\" \/><\/p>\n<p>&nbsp;<\/p>\n<p>[\/et_pb_text][\/et_pb_column][et_pb_column type=&#8221;1_4&#8243;][et_pb_sidebar _builder_version=&#8221;3.0.90&#8243; area=&#8221;sidebar-1&#8243; orientation=&#8221;right&#8221; show_border=&#8221;on&#8221; background_layout=&#8221;light&#8221; \/][\/et_pb_column][\/et_pb_row][\/et_pb_section]<\/p>\n","protected":false},"excerpt":{"rendered":"<p><div class=\"et_pb_row et_pb_row_0 et_pb_row_empty\">\n\t\t\t\t\n\t\t\t\t\n\t\t\t\t\n\t\t\t\t\n\t\t\t\t\n\t\t\t<\/div> Utbildning Vi erbjuder kursverksamhet d\u00e4r tekniker utbildas inom exempelvis f\u00f6rbr\u00e4nningssystem, gass\u00e4kerhet, regelverk, uppbyggnad av system samt f\u00f6rbr\u00e4nningsteknik. I system som levereras fr\u00e5n oss inkluderas oftast ett utbildningspaket g\u00e4llande funktion, handhavande och s\u00e4kerhet. Servicepersonalens utbildning inriktas p\u00e5 fels\u00f6kning och f\u00f6rebyggande underh\u00e5ll. Normalt ges denna utbildning p\u00e5 plats och direkt p\u00e5 levererad utrustning. Vi utf\u00f6r utbildning [&hellip;]<\/p>\n","protected":false},"author":1,"featured_media":0,"parent":0,"menu_order":0,"comment_status":"closed","ping_status":"closed","template":"","meta":{"_et_pb_use_builder":"on","_et_pb_old_content":"","_et_gb_content_width":""},"_links":{"self":[{"href":"https:\/\/itbf.se\/en\/wp-json\/wp\/v2\/pages\/210159"}],"collection":[{"href":"https:\/\/itbf.se\/en\/wp-json\/wp\/v2\/pages"}],"about":[{"href":"https:\/\/itbf.se\/en\/wp-json\/wp\/v2\/types\/page"}],"author":[{"embeddable":true,"href":"https:\/\/itbf.se\/en\/wp-json\/wp\/v2\/users\/1"}],"replies":[{"embeddable":true,"href":"https:\/\/itbf.se\/en\/wp-json\/wp\/v2\/comments?post=210159"}],"version-history":[{"count":2,"href":"https:\/\/itbf.se\/en\/wp-json\/wp\/v2\/pages\/210159\/revisions"}],"predecessor-version":[{"id":210517,"href":"https:\/\/itbf.se\/en\/wp-json\/wp\/v2\/pages\/210159\/revisions\/210517"}],"wp:attachment":[{"href":"https:\/\/itbf.se\/en\/wp-json\/wp\/v2\/media?parent=210159"}],"curies":[{"name":"wp","href":"https:\/\/api.w.org\/{rel}","templated":true}]}}