{"id":210152,"date":"2018-02-27T15:40:42","date_gmt":"2018-02-27T15:40:42","guid":{"rendered":"http:\/\/testsajt28.hemsidemallar.eu\/?page_id=210152"},"modified":"2021-09-08T08:22:16","modified_gmt":"2021-09-08T08:22:16","slug":"specialosningar","status":"publish","type":"page","link":"https:\/\/itbf.se\/en\/specialosningar\/","title":{"rendered":"Special Solutions"},"content":{"rendered":"<p>[et_pb_section fb_built=&#8221;1&#8243; _builder_version=&#8221;3.22&#8243;][et_pb_row column_structure=&#8221;3_4,1_4&#8243; _builder_version=&#8221;3.25&#8243; background_size=&#8221;initial&#8221; background_position=&#8221;top_left&#8221; background_repeat=&#8221;repeat&#8221;][et_pb_column type=&#8221;3_4&#8243; _builder_version=&#8221;3.25&#8243; custom_padding=&#8221;|||&#8221; custom_padding__hover=&#8221;|||&#8221;][et_pb_text _builder_version=&#8221;3.27.4&#8243;]<\/p>\n<h1>Om det inte finns standardl\u00f6sningar<\/h1>\n<p>V\u00e5ra systeml\u00f6sningar sker i n\u00e4ra dialog med kunden. Utifr\u00e5n r\u00e5dande och \u00f6verenskomna f\u00f6ruts\u00e4ttningar tar vi fram en l\u00f6sning som \u00e4r s\u00e4ker, h\u00e5llbar och ekonomisk. F\u00f6r oss finns inga standardl\u00f6sningar. Vi betraktar varje projekt som unikt. I slut\u00e4ndan handlar det om att skr\u00e4ddarsy varje anl\u00e4ggning f\u00f6r att uppfylla de processtekniska krav kunden har, ha en l\u00e5g driftkostnad med h\u00f6g verkningsgrad samt att vara milj\u00f6v\u00e4nlig.<\/p>\n<p><img decoding=\"async\" loading=\"lazy\" class=\"size-full wp-image-210153 alignnone\" src=\"http:\/\/media.itbf.se.loopiadns.com\/2018\/02\/special1.jpg\" alt=\"\" width=\"560\" height=\"292\" srcset=\"https:\/\/itbf.se\/wp-content\/uploads\/2018\/02\/special1.jpg 560w, https:\/\/itbf.se\/wp-content\/uploads\/2018\/02\/special1-300x156.jpg 300w\" sizes=\"(max-width: 560px) 100vw, 560px\" \/><\/p>\n<p>[\/et_pb_text][\/et_pb_column][et_pb_column type=&#8221;1_4&#8243; _builder_version=&#8221;3.25&#8243; custom_padding=&#8221;|||&#8221; custom_padding__hover=&#8221;|||&#8221;][et_pb_sidebar orientation=&#8221;right&#8221; area=&#8221;sidebar-1&#8243; _builder_version=&#8221;3.0.90&#8243;][\/et_pb_sidebar][\/et_pb_column][\/et_pb_row][et_pb_row column_structure=&#8221;1_4,1_2,1_4&#8243; _builder_version=&#8221;3.25&#8243; background_size=&#8221;initial&#8221; background_position=&#8221;top_left&#8221; background_repeat=&#8221;repeat&#8221;][et_pb_column type=&#8221;1_4&#8243; _builder_version=&#8221;3.25&#8243; custom_padding=&#8221;|||&#8221; custom_padding__hover=&#8221;|||&#8221;][et_pb_image src=&#8221;https:\/\/itbf.se\/wp-content\/uploads\/2018\/02\/special3.jpg&#8221; align_tablet=&#8221;center&#8221; align_phone=&#8221;&#8221; align_last_edited=&#8221;on|desktop&#8221; _builder_version=&#8221;4.4.0&#8243; always_center_on_mobile=&#8221;on&#8221;][\/et_pb_image][et_pb_image src=&#8221;https:\/\/itbf.se\/wp-content\/uploads\/2018\/02\/special2.jpg&#8221; align_tablet=&#8221;center&#8221; align_phone=&#8221;&#8221; align_last_edited=&#8221;on|desktop&#8221; _builder_version=&#8221;4.4.0&#8243; always_center_on_mobile=&#8221;on&#8221;][\/et_pb_image][\/et_pb_column][et_pb_column type=&#8221;1_2&#8243; _builder_version=&#8221;3.25&#8243; custom_padding=&#8221;|||&#8221; custom_padding__hover=&#8221;|||&#8221;][et_pb_text _builder_version=&#8221;3.27.4&#8243;]<\/p>\n<h2>Br\u00e4nnare med armatur f\u00f6r restgaser &#8230;<\/h2>\n<p>Br\u00e4nnare med armatur f\u00f6r restgaser, t.ex. gaser med h\u00f6ga v\u00e4tehalter, koksgaser och r\u00f6tgas. Dessa gaser inneh\u00e5ller ofta \u00e4ven tyngre kolv\u00e4ten, kondenserbara gaser och \u00e4r m\u00e4ttade med vatten\u00e5nga. K\u00e4nnetecknande \u00e4r att gassammans\u00e4ttningen varierar under drift. Dessa applikationer st\u00e4ller h\u00f6ga krav p\u00e5 br\u00e4nnare och armatur f\u00f6r att uppr\u00e4tth\u00e5lla r\u00e4tt f\u00f6rbr\u00e4nningsf\u00f6rh\u00e5llande s\u00e5 att l\u00e5ga emissioner av milj\u00f6skadliga \u00e4mnen erh\u00e5lls under alla driftsituationer. Systemen kan \u00e4ven byggas f\u00f6r kombinationseldning av restv\u00e4tskor som tj\u00e4ra etc.<\/p>\n<p>[\/et_pb_text][et_pb_text _builder_version=&#8221;3.27.4&#8243;]<\/p>\n<h2>L\u00e5gaktivt radioaktivt avfall f\u00f6rbr\u00e4nns &#8230;<\/h2>\n<p>L\u00e5gaktivt radioaktivt avfall f\u00f6rbr\u00e4nns i en termisk destruktionsanl\u00e4ggning med omfattande filtersystem f\u00f6r att samla upp stoft som skickas f\u00f6r slutf\u00f6rvar. Denna anl\u00e4ggning har kompletterats med br\u00e4nnare f\u00f6r turbinolja och aktivt kol som \u00e4r svagt radioaktiva. F\u00f6r att kunna styra den termiska destruktionen anv\u00e4nds dieselolja som st\u00f6dbr\u00e4nsle.<\/p>\n<p>[\/et_pb_text][et_pb_text _builder_version=&#8221;3.27.4&#8243;]<\/p>\n<h2>H2 f\u00f6rbr\u00e4nning referenser<\/h2>\n<p>EKA Chemicals \u00a0 \u00a0 \u00a0 \u00a0 \u00a0 \u00a0 \u00a0 \u00a0 \u00a0 \u00a0 \u00a0 \u00a0 \u00a0 \u00a0 \u00a0 USA \u00a0 \u00a0 \u00a0 \u00a0 \u00a0 \u00a0 \u00a0 \u00a0 2 st. \u00e5ngpannor<\/p>\n<p>EKA Chemicals Alby \u00a0 \u00a0 \u00a0 \u00a0 \u00a0 \u00a0 \u00a0 \u00a0 \u00a0 \u00a0\u00a0 Sverige \u00a0 \u00a0 \u00a0 \u00a0 \u00a0\u00a0 2 st. torkar\/2 st. \u00e5ngpannor<\/p>\n<p>EKA Chemicals Mo i rana \u00a0 \u00a0 \u00a0 \u00a0 \u00a0 \u00a0 Norge \u00a0 \u00a0 \u00a0 \u00a0 \u00a0 \u00a0\u00a0 2 st. \u00e5ngpannor<\/p>\n<p>Norsk j\u00e4rnverk kW \u00a0 \u00a0 \u00a0 \u00a0 \u00a0 \u00a0 \u00a0 \u00a0 \u00a0 \u00a0 \u00a0\u00a0 Norge \u00a0 \u00a0 \u00a0 \u00a0 \u00a0 \u00a0 \u00a0 Genomskjutningsugn<\/p>\n<p>EKA Chemicals \u00a0 \u00a0 \u00a0 \u00a0 \u00a0 \u00a0 \u00a0 \u00a0 \u00a0 \u00a0 \u00a0 \u00a0 \u00a0 \u00a0 \u00a0 Brasilien \u00a0 \u00a0 \u00a0 \u00a0 \u00a0 2 st. \u00e5ngpannor<\/p>\n<p>EKA Chemicals \u00a0 \u00a0 \u00a0 \u00a0 \u00a0 \u00a0 \u00a0 \u00a0 \u00a0 \u00a0 \u00a0 \u00a0 \u00a0 \u00a0 \u00a0 Chile \u00a0 \u00a0 \u00a0 \u00a0 \u00a0 \u00a0 \u00a0 \u00a0\u00a0 2 st. \u00e5ngpannor<\/p>\n<p>Akzo Nobel Sundsvall \u00a0 \u00a0 \u00a0 \u00a0 \u00a0 \u00a0 \u00a0 \u00a0 \u00a0 Sverige \u00a0 \u00a0 \u00a0 \u00a0 \u00a0 \u00a0\u00a0 1 st. \u00e5ngpanna<\/p>\n<p>Akzo Nobel Sundsvall \u00a0 \u00a0 \u00a0 \u00a0 \u00a0 \u00a0 \u00a0 \u00a0 \u00a0 Sverige \u00a0 \u00a0 \u00a0 \u00a0 \u00a0 \u00a0 Hetgasaggregat<\/p>\n<p>EKA Chemicals \u00a0 \u00a0 \u00a0 \u00a0 \u00a0 \u00a0 \u00a0 \u00a0 \u00a0 \u00a0 \u00a0 \u00a0 \u00a0 \u00a0 \u00a0\u00a0 USA \u00a0 \u00a0 \u00a0 \u00a0 \u00a0 \u00a0 \u00a0 \u00a0\u00a0 Hetgasaggregat<\/p>\n<p>Akzo Nobel Skoghall \u00a0 \u00a0 \u00a0 \u00a0 \u00a0 \u00a0 \u00a0 \u00a0 \u00a0 \u00a0\u00a0 Sverige \u00a0 \u00a0 \u00a0 \u00a0 \u00a0 \u00a0 \u00c5ngpanna<\/p>\n<p>Tetra Pak \u00a0 \u00a0 \u00a0 \u00a0 \u00a0 \u00a0 \u00a0 \u00a0 \u00a0 \u00a0 \u00a0 \u00a0 \u00a0 \u00a0 \u00a0 \u00a0 \u00a0 \u00a0 \u00a0 \u00a0 Sverige \u00a0 \u00a0 \u00a0 \u00a0 \u00a0 \u00a0 V\u00e4te\/syrgas Limbr\u00e4nnare<\/p>\n<p>&nbsp;<\/p>\n<p>&nbsp;<\/p>\n<p>[\/et_pb_text][\/et_pb_column][et_pb_column type=&#8221;1_4&#8243; _builder_version=&#8221;3.25&#8243; custom_padding=&#8221;|||&#8221; custom_padding__hover=&#8221;|||&#8221;][\/et_pb_column][\/et_pb_row][\/et_pb_section]<\/p>\n","protected":false},"excerpt":{"rendered":"<p>Om det inte finns standardl\u00f6sningarV\u00e5ra systeml\u00f6sningar sker i n\u00e4ra dialog med kunden. Utifr\u00e5n r\u00e5dande och \u00f6verenskomna f\u00f6ruts\u00e4ttningar tar vi fram en l\u00f6sning som \u00e4r s\u00e4ker, h\u00e5llbar och ekonomisk. F\u00f6r oss finns inga standardl\u00f6sningar. Vi betraktar varje projekt som unikt. I slut\u00e4ndan handlar det om att skr\u00e4ddarsy varje anl\u00e4ggning f\u00f6r att uppfylla de processtekniska krav kunden [&hellip;]<\/p>\n","protected":false},"author":1,"featured_media":0,"parent":0,"menu_order":0,"comment_status":"closed","ping_status":"closed","template":"","meta":{"_et_pb_use_builder":"on","_et_pb_old_content":"","_et_gb_content_width":""},"_links":{"self":[{"href":"https:\/\/itbf.se\/en\/wp-json\/wp\/v2\/pages\/210152"}],"collection":[{"href":"https:\/\/itbf.se\/en\/wp-json\/wp\/v2\/pages"}],"about":[{"href":"https:\/\/itbf.se\/en\/wp-json\/wp\/v2\/types\/page"}],"author":[{"embeddable":true,"href":"https:\/\/itbf.se\/en\/wp-json\/wp\/v2\/users\/1"}],"replies":[{"embeddable":true,"href":"https:\/\/itbf.se\/en\/wp-json\/wp\/v2\/comments?post=210152"}],"version-history":[{"count":3,"href":"https:\/\/itbf.se\/en\/wp-json\/wp\/v2\/pages\/210152\/revisions"}],"predecessor-version":[{"id":211013,"href":"https:\/\/itbf.se\/en\/wp-json\/wp\/v2\/pages\/210152\/revisions\/211013"}],"wp:attachment":[{"href":"https:\/\/itbf.se\/en\/wp-json\/wp\/v2\/media?parent=210152"}],"curies":[{"name":"wp","href":"https:\/\/api.w.org\/{rel}","templated":true}]}}