{"id":210133,"date":"2018-02-27T15:01:38","date_gmt":"2018-02-27T15:01:38","guid":{"rendered":"http:\/\/testsajt28.hemsidemallar.eu\/?page_id=210133"},"modified":"2020-06-25T12:39:37","modified_gmt":"2020-06-25T12:39:37","slug":"varmeatervinning","status":"publish","type":"page","link":"https:\/\/itbf.se\/en\/varmeatervinning\/","title":{"rendered":"Heat recovery"},"content":{"rendered":"<p>[et_pb_section fb_built=&#8221;1&#8243; specialty=&#8221;on&#8221; _builder_version=&#8221;3.22&#8243;][et_pb_column type=&#8221;3_4&#8243; specialty_columns=&#8221;3&#8243; _builder_version=&#8221;3.25&#8243; custom_padding=&#8221;|||&#8221; custom_padding__hover=&#8221;|||&#8221;][et_pb_row_inner admin_label=&#8221;Rad&#8221; _builder_version=&#8221;3.25&#8243; custom_padding=&#8221;34.2344px|0px|0px|0px&#8221;][et_pb_column_inner saved_specialty_column_type=&#8221;3_4&#8243; _builder_version=&#8221;3.25&#8243; custom_padding=&#8221;|||&#8221; custom_padding__hover=&#8221;|||&#8221;][et_pb_text _builder_version=&#8221;3.27.4&#8243;]<\/p>\n<h1>V\u00e4rme\u00e5tervinning<\/h1>\n<p>Industri-Teknik Bengt Fridh AB designar och bygger v\u00e4rme\u00e5tervinningssystem, b\u00e5de frist\u00e5ende och s\u00e5dana som \u00e4r integrerade med v\u00e5ra ugnar och reningssystem. Vi bygger system f\u00f6r v\u00e4rme\u00e5tervinning d\u00e4r f\u00f6rbr\u00e4nningsluft och\/eller processgaser f\u00f6rv\u00e4rms, anl\u00e4ggningarna kan ocks\u00e5 byggas f\u00f6r produktion av hetvatten, hetolja och vatten\u00e5nga.<\/p>\n<p><img decoding=\"async\" loading=\"lazy\" class=\"wp-image-210137 size-full alignnone\" src=\"http:\/\/media.itbf.se.loopiadns.com\/2018\/02\/varmeatervinning1.jpg\" alt=\"\" width=\"560\" height=\"344\" srcset=\"https:\/\/itbf.se\/wp-content\/uploads\/2018\/02\/varmeatervinning1.jpg 560w, https:\/\/itbf.se\/wp-content\/uploads\/2018\/02\/varmeatervinning1-300x184.jpg 300w\" sizes=\"(max-width: 560px) 100vw, 560px\" \/><\/p>\n<p>&nbsp;[\/et_pb_text][et_pb_text _builder_version=&#8221;4.4.0&#8243; hover_enabled=&#8221;0&#8243;]<\/p>\n<h2><img decoding=\"async\" loading=\"lazy\" src=\"https:\/\/itbf.se\/wp-content\/uploads\/2018\/02\/varmeatervinning2.jpg\" width=\"300\" height=\"225\" alt=\"\" class=\"wp-image-210138 alignleft size-full\" \/><\/h2>\n<h2>V\u00e4rmev\u00e4xlare<\/h2>\n<p>F\u00f6r processgas fr\u00e5n en vulkningsprocess d\u00e4r den varma sidan utg\u00f6rs av r\u00f6kgaser fr\u00e5n efterbr\u00e4nnkammaren d\u00e4r de br\u00e4nnbara best\u00e5ndsdelarna har oxiderats vid ca 850\u00b0C. Processgasfl\u00f6det om ca 9000 nm3\/h v\u00e4rms fr\u00e5n ca 50 \u00b0C till 465 \u00b0C.<\/p>\n<p>&nbsp;<\/p>\n<p>&nbsp;<\/p>\n<p>[\/et_pb_text][et_pb_text _builder_version=&#8221;4.4.0&#8243; hover_enabled=&#8221;0&#8243;]<\/p>\n<h2><img decoding=\"async\" loading=\"lazy\" src=\"https:\/\/itbf.se\/wp-content\/uploads\/2018\/02\/varmeatervinning3.jpg\" width=\"300\" height=\"225\" alt=\"\" class=\"wp-image-210139 alignleft size-full\" \/><br \/> \u00c5ngpanna<\/h2>\n<p>F\u00f6r v\u00e4rme\u00e5tervinning ur avgaser fr\u00e5n reningsanl\u00e4ggning med termisk destruktion, s\u00e5 kallad efterbr\u00e4nnkammare (EBK). Gasfl\u00f6det \u00e4r ca 21000 nm3\/h med avgastemperaturen ca 1000\u00baC fr\u00e5n EBK:n och ca 300\u00baC efter pannan. \u00c5ngproduktionen \u00e4r max 12 ton\/h vid 41 bar \u00f6vertryck.<\/p>\n<p>[\/et_pb_text][\/et_pb_column_inner][\/et_pb_row_inner][\/et_pb_column][et_pb_column type=&#8221;1_4&#8243; _builder_version=&#8221;3.25&#8243; custom_padding=&#8221;|||&#8221; custom_padding__hover=&#8221;|||&#8221;][et_pb_sidebar orientation=&#8221;right&#8221; area=&#8221;sidebar-1&#8243; _builder_version=&#8221;3.0.90&#8243;]&nbsp;[\/et_pb_sidebar][\/et_pb_column][\/et_pb_section]<\/p>\n","protected":false},"excerpt":{"rendered":"<p>V\u00e4rme\u00e5tervinning Industri-Teknik Bengt Fridh AB designar och bygger v\u00e4rme\u00e5tervinningssystem, b\u00e5de frist\u00e5ende och s\u00e5dana som \u00e4r integrerade med v\u00e5ra ugnar och reningssystem. Vi bygger system f\u00f6r v\u00e4rme\u00e5tervinning d\u00e4r f\u00f6rbr\u00e4nningsluft och\/eller processgaser f\u00f6rv\u00e4rms, anl\u00e4ggningarna kan ocks\u00e5 byggas f\u00f6r produktion av hetvatten, hetolja och vatten\u00e5nga. &nbsp; V\u00e4rmev\u00e4xlare F\u00f6r processgas fr\u00e5n en vulkningsprocess d\u00e4r den varma sidan utg\u00f6rs av [&hellip;]<\/p>\n","protected":false},"author":1,"featured_media":0,"parent":0,"menu_order":0,"comment_status":"closed","ping_status":"closed","template":"","meta":{"_et_pb_use_builder":"on","_et_pb_old_content":"","_et_gb_content_width":""},"_links":{"self":[{"href":"https:\/\/itbf.se\/en\/wp-json\/wp\/v2\/pages\/210133"}],"collection":[{"href":"https:\/\/itbf.se\/en\/wp-json\/wp\/v2\/pages"}],"about":[{"href":"https:\/\/itbf.se\/en\/wp-json\/wp\/v2\/types\/page"}],"author":[{"embeddable":true,"href":"https:\/\/itbf.se\/en\/wp-json\/wp\/v2\/users\/1"}],"replies":[{"embeddable":true,"href":"https:\/\/itbf.se\/en\/wp-json\/wp\/v2\/comments?post=210133"}],"version-history":[{"count":1,"href":"https:\/\/itbf.se\/en\/wp-json\/wp\/v2\/pages\/210133\/revisions"}],"predecessor-version":[{"id":210735,"href":"https:\/\/itbf.se\/en\/wp-json\/wp\/v2\/pages\/210133\/revisions\/210735"}],"wp:attachment":[{"href":"https:\/\/itbf.se\/en\/wp-json\/wp\/v2\/media?parent=210133"}],"curies":[{"name":"wp","href":"https:\/\/api.w.org\/{rel}","templated":true}]}}