{"id":210122,"date":"2018-02-21T21:01:20","date_gmt":"2018-02-21T21:01:20","guid":{"rendered":"http:\/\/testsajt28.hemsidemallar.eu\/?page_id=210122"},"modified":"2025-07-18T12:45:16","modified_gmt":"2025-07-18T12:45:16","slug":"ugnar","status":"publish","type":"page","link":"https:\/\/itbf.se\/en\/ugnar\/","title":{"rendered":"Furnaces"},"content":{"rendered":"<p>[et_pb_section fb_built=&#8221;1&#8243; _builder_version=&#8221;4.16&#8243; custom_padding=&#8221;62px|0px|96px|0px&#8221; global_colors_info=&#8221;{}&#8221;][et_pb_row _builder_version=&#8221;4.16&#8243; background_size=&#8221;initial&#8221; background_position=&#8221;top_left&#8221; background_repeat=&#8221;repeat&#8221; global_colors_info=&#8221;{}&#8221; column_structure=&#8221;3_4,1_4&#8243;][et_pb_column type=&#8221;3_4&#8243; _builder_version=&#8221;4.16&#8243; custom_padding=&#8221;|||&#8221; global_colors_info=&#8221;{}&#8221; custom_padding__hover=&#8221;|||&#8221;][et_pb_text _builder_version=&#8221;4.16&#8243; global_colors_info=&#8221;{}&#8221;]<\/p>\n<h1>Ugnar<\/h1>\n<p>Industri-Teknik Bengt Fridh AB designar och bygger ugnar och ugnssystem f\u00f6r olika till\u00e4mpningar inom st\u00e5lindustri, aluminiumindustri, keramisk industri och processindustri. I v\u00e5r verkstad tillverkar vi h\u00e5llugnar upp till 1300\u00baC, tork- och cirkulationsugnar upp till 600 \u00baC, \u00e5ldringsugnar, homogeniseringsugnar, ugnar f\u00f6r f\u00f6rv\u00e4rmning etc. I samband med kapacitetsf\u00f6r\u00e4ndringar och br\u00e4nslebyten uppdaterar vi befintliga ugnar avseende br\u00e4nnarsystem, styrsystem etc.<\/p>\n<p>Industri-Teknik Bengt Fridh AB tillverkar specialugnar f\u00f6r olika till\u00e4mpningar enligt de behov kunden har. Det kan vara ugnar f\u00f6r kremering av djurkroppar, f\u00f6rbr\u00e4nning av riskavfall, indirekta ugnar f\u00f6r f\u00f6rgasningsprojekt etc.<\/p>\n<p><img decoding=\"async\" loading=\"lazy\" class=\"size-full wp-image-210125 alignnone\" src=\"http:\/\/media.itbf.se.loopiadns.com\/2018\/02\/ugnar3.jpg\" alt=\"\" width=\"560\" height=\"318\" srcset=\"https:\/\/itbf.se\/wp-content\/uploads\/2018\/02\/ugnar3.jpg 560w, https:\/\/itbf.se\/wp-content\/uploads\/2018\/02\/ugnar3-300x170.jpg 300w\" sizes=\"(max-width: 560px) 100vw, 560px\" \/><\/p>\n<p>&nbsp;[\/et_pb_text][et_pb_text _builder_version=&#8221;4.19.0&#8243; hover_enabled=&#8221;0&#8243; global_colors_info=&#8221;{}&#8221; sticky_enabled=&#8221;0&#8243;]<\/p>\n<h3>V\u00e4rmebehandlingsugn<\/h3>\n<p>F\u00f6r h\u00f6glegerat st\u00e5l med bachstorlek 4 ton och temperaturen 1250\u00baC. Br\u00e4nnarsystemet best\u00e5r av fyra stycken gasoleldade<br \/>och taktstyrda h\u00f6ghastighetsbr\u00e4nnare. F\u00f6rbr\u00e4nningsluften f\u00f6rv\u00e4rms i en rekuperator till ca 200\u00baC.<\/p>\n<p>&nbsp;<\/p>\n<p>[\/et_pb_text][\/et_pb_column][et_pb_column type=&#8221;1_4&#8243; _builder_version=&#8221;4.16&#8243; custom_padding=&#8221;|||&#8221; global_colors_info=&#8221;{}&#8221; custom_padding__hover=&#8221;|||&#8221;][et_pb_sidebar orientation=&#8221;right&#8221; area=&#8221;sidebar-1&#8243; _builder_version=&#8221;4.16&#8243; global_colors_info=&#8221;{}&#8221;][\/et_pb_sidebar][\/et_pb_column][\/et_pb_row][\/et_pb_section]<\/p>\n","protected":false},"excerpt":{"rendered":"<p>Ugnar Industri-Teknik Bengt Fridh AB designar och bygger ugnar och ugnssystem f\u00f6r olika till\u00e4mpningar inom st\u00e5lindustri, aluminiumindustri, keramisk industri och processindustri. I v\u00e5r verkstad tillverkar vi h\u00e5llugnar upp till 1300\u00baC, tork- och cirkulationsugnar upp till 600 \u00baC, \u00e5ldringsugnar, homogeniseringsugnar, ugnar f\u00f6r f\u00f6rv\u00e4rmning etc. I samband med kapacitetsf\u00f6r\u00e4ndringar och br\u00e4nslebyten uppdaterar vi befintliga ugnar avseende br\u00e4nnarsystem, [&hellip;]<\/p>\n","protected":false},"author":1,"featured_media":0,"parent":0,"menu_order":0,"comment_status":"closed","ping_status":"closed","template":"","meta":{"_et_pb_use_builder":"on","_et_pb_old_content":"","_et_gb_content_width":""},"_links":{"self":[{"href":"https:\/\/itbf.se\/en\/wp-json\/wp\/v2\/pages\/210122"}],"collection":[{"href":"https:\/\/itbf.se\/en\/wp-json\/wp\/v2\/pages"}],"about":[{"href":"https:\/\/itbf.se\/en\/wp-json\/wp\/v2\/types\/page"}],"author":[{"embeddable":true,"href":"https:\/\/itbf.se\/en\/wp-json\/wp\/v2\/users\/1"}],"replies":[{"embeddable":true,"href":"https:\/\/itbf.se\/en\/wp-json\/wp\/v2\/comments?post=210122"}],"version-history":[{"count":1,"href":"https:\/\/itbf.se\/en\/wp-json\/wp\/v2\/pages\/210122\/revisions"}],"predecessor-version":[{"id":211133,"href":"https:\/\/itbf.se\/en\/wp-json\/wp\/v2\/pages\/210122\/revisions\/211133"}],"wp:attachment":[{"href":"https:\/\/itbf.se\/en\/wp-json\/wp\/v2\/media?parent=210122"}],"curies":[{"name":"wp","href":"https:\/\/api.w.org\/{rel}","templated":true}]}}