{"id":210089,"date":"2018-02-20T19:34:36","date_gmt":"2018-02-20T19:34:36","guid":{"rendered":"http:\/\/testsajt28.hemsidemallar.eu\/?page_id=210089"},"modified":"2021-09-08T06:26:49","modified_gmt":"2021-09-08T06:26:49","slug":"processystem","status":"publish","type":"page","link":"https:\/\/itbf.se\/en\/processystem\/","title":{"rendered":"Process system"},"content":{"rendered":"<p>[et_pb_section bb_built=&#8221;1&#8243;][et_pb_row][et_pb_column type=&#8221;3_4&#8243;][et_pb_text _builder_version=&#8221;3.0.90&#8243; background_layout=&#8221;light&#8221;]<\/p>\n<h1>Processystem<\/h1>\n<p>V\u00e5ra processystem \u00e4r anpassade f\u00f6r att uppfylla de krav som st\u00e4lls. Vi g\u00f6r kombinerade system f\u00f6r rening med \u00e5tervinning, hetgasaggregat tillsammans med torksystem, pyrolysanl\u00e4ggningar, system f\u00f6r deponi- och biogas etc.<\/p>\n<p>&nbsp;<\/p>\n<p>[\/et_pb_text][et_pb_image _builder_version=&#8221;3.0.90&#8243; src=&#8221;http:\/\/media.itbf.se.loopiadns.com\/2018\/02\/system2.jpg&#8221; show_in_lightbox=&#8221;off&#8221; url_new_window=&#8221;off&#8221; use_overlay=&#8221;off&#8221; always_center_on_mobile=&#8221;on&#8221; force_fullwidth=&#8221;off&#8221; show_bottom_space=&#8221;on&#8221; \/][\/et_pb_column][et_pb_column type=&#8221;1_4&#8243;][et_pb_sidebar _builder_version=&#8221;3.0.90&#8243; area=&#8221;sidebar-1&#8243; orientation=&#8221;right&#8221; show_border=&#8221;on&#8221; background_layout=&#8221;light&#8221; \/][\/et_pb_column][\/et_pb_row][\/et_pb_section]<\/p>\n","protected":false},"excerpt":{"rendered":"<p><div class=\"et_pb_row et_pb_row_0 et_pb_row_empty\">\n\t\t\t\t\n\t\t\t\t\n\t\t\t\t\n\t\t\t\t\n\t\t\t\t\n\t\t\t<\/div> Processystem V\u00e5ra processystem \u00e4r anpassade f\u00f6r att uppfylla de krav som st\u00e4lls. Vi g\u00f6r kombinerade system f\u00f6r rening med \u00e5tervinning, hetgasaggregat tillsammans med torksystem, pyrolysanl\u00e4ggningar, system f\u00f6r deponi- och biogas etc. &nbsp;<\/p>","protected":false},"author":1,"featured_media":0,"parent":0,"menu_order":0,"comment_status":"closed","ping_status":"closed","template":"","meta":{"_et_pb_use_builder":"on","_et_pb_old_content":"","_et_gb_content_width":""},"_links":{"self":[{"href":"https:\/\/itbf.se\/en\/wp-json\/wp\/v2\/pages\/210089"}],"collection":[{"href":"https:\/\/itbf.se\/en\/wp-json\/wp\/v2\/pages"}],"about":[{"href":"https:\/\/itbf.se\/en\/wp-json\/wp\/v2\/types\/page"}],"author":[{"embeddable":true,"href":"https:\/\/itbf.se\/en\/wp-json\/wp\/v2\/users\/1"}],"replies":[{"embeddable":true,"href":"https:\/\/itbf.se\/en\/wp-json\/wp\/v2\/comments?post=210089"}],"version-history":[{"count":2,"href":"https:\/\/itbf.se\/en\/wp-json\/wp\/v2\/pages\/210089\/revisions"}],"predecessor-version":[{"id":211010,"href":"https:\/\/itbf.se\/en\/wp-json\/wp\/v2\/pages\/210089\/revisions\/211010"}],"wp:attachment":[{"href":"https:\/\/itbf.se\/en\/wp-json\/wp\/v2\/media?parent=210089"}],"curies":[{"name":"wp","href":"https:\/\/api.w.org\/{rel}","templated":true}]}}