{"id":210083,"date":"2018-02-20T19:20:30","date_gmt":"2018-02-20T19:20:30","guid":{"rendered":"http:\/\/testsajt28.hemsidemallar.eu\/?page_id=210083"},"modified":"2024-05-23T13:36:24","modified_gmt":"2024-05-23T13:36:24","slug":"foretaget","status":"publish","type":"page","link":"https:\/\/itbf.se\/en\/foretaget\/","title":{"rendered":"F\u00f6retaget"},"content":{"rendered":"<p>[et_pb_section fb_built=&#8221;1&#8243; _builder_version=&#8221;4.16&#8243; global_colors_info=&#8221;{}&#8221;][et_pb_row column_structure=&#8221;3_4,1_4&#8243; _builder_version=&#8221;4.16&#8243; background_size=&#8221;initial&#8221; background_position=&#8221;top_left&#8221; background_repeat=&#8221;repeat&#8221; global_colors_info=&#8221;{}&#8221;][et_pb_column type=&#8221;3_4&#8243; _builder_version=&#8221;4.16&#8243; custom_padding=&#8221;|||&#8221; global_colors_info=&#8221;{}&#8221; custom_padding__hover=&#8221;|||&#8221;][et_pb_text _builder_version=&#8221;4.19.0&#8243; header_3_line_height=&#8221;1.2em&#8221; global_colors_info=&#8221;{}&#8221;]<\/p>\n<h3>Industri-Teknik Bengt Fridh AB grundades 1969.<\/h3>\n<p>ITBF grundades av ingenj\u00f6ren Bengt Fridh. Sonen Per-Olof var tidigt delaktig i f\u00f6retaget och \u00e4r sedan 1997 VD. 2023 k\u00f6ptes ITBF av svenska bolaget INIVI.<\/p>\n<p>V\u00e5r moderna anl\u00e4ggning best\u00e5r av konstruktionsavdelningar f\u00f6r mekanik, el samt styr- och regler. F\u00f6retaget har verkst\u00e4der f\u00f6r mekanisk, elektrisk, styr- och regler, eldfast infodring samt tillverkning av br\u00e4nnardysar.<\/p>\n<p>Den st\u00f6rsta delen av produktion sker i egna lokaler, allt fr\u00e5n f\u00f6rsta id\u00e9skissen till provk\u00f6rning innan leverans.<\/p>\n<p><strong>P\u00e5 Industri-teknik Bengt Fridh finns f\u00f6ljande beh\u00f6righeter:<\/strong><\/p>\n<ul>\n<li>Beh\u00f6rig Installationsledare f\u00f6r energigassystem<\/li>\n<li>Auktoriserade f\u00f6r tryckprovning enligt SWEDAC<\/li>\n<li>Elbeh\u00f6righet<\/li>\n<li>Licensierade svetsare<\/li>\n<li>Heta arbete<\/li>\n<li>SSG Entre<\/li>\n<\/ul>\n<p>&nbsp;<\/p>\n<p><img decoding=\"async\" loading=\"lazy\" class=\"alignnone size-full wp-image-210086\" src=\"http:\/\/media.itbf.se.loopiadns.com\/2018\/02\/foretaget.jpg\" alt=\"\" width=\"560\" height=\"296\" srcset=\"https:\/\/itbf.se\/wp-content\/uploads\/2018\/02\/foretaget.jpg 560w, https:\/\/itbf.se\/wp-content\/uploads\/2018\/02\/foretaget-300x159.jpg 300w\" sizes=\"(max-width: 560px) 100vw, 560px\" \/><\/p>\n<p>[\/et_pb_text][\/et_pb_column][et_pb_column type=&#8221;1_4&#8243; _builder_version=&#8221;4.16&#8243; custom_padding=&#8221;|||&#8221; global_colors_info=&#8221;{}&#8221; custom_padding__hover=&#8221;|||&#8221;][et_pb_sidebar orientation=&#8221;right&#8221; area=&#8221;sidebar-1&#8243; _builder_version=&#8221;4.16&#8243; global_colors_info=&#8221;{}&#8221;][\/et_pb_sidebar][\/et_pb_column][\/et_pb_row][\/et_pb_section]<\/p>\n","protected":false},"excerpt":{"rendered":"<p>Industri-Teknik Bengt Fridh AB grundades 1969. ITBF grundades av ingenj\u00f6ren Bengt Fridh. Sonen Per-Olof var tidigt delaktig i f\u00f6retaget och \u00e4r sedan 1997 VD. 2023 k\u00f6ptes ITBF av svenska bolaget INIVI. V\u00e5r moderna anl\u00e4ggning best\u00e5r av konstruktionsavdelningar f\u00f6r mekanik, el samt styr- och regler. F\u00f6retaget har verkst\u00e4der f\u00f6r mekanisk, elektrisk, styr- och regler, eldfast infodring [&hellip;]<\/p>\n","protected":false},"author":1,"featured_media":0,"parent":0,"menu_order":0,"comment_status":"closed","ping_status":"closed","template":"","meta":{"_et_pb_use_builder":"on","_et_pb_old_content":"","_et_gb_content_width":""},"_links":{"self":[{"href":"https:\/\/itbf.se\/en\/wp-json\/wp\/v2\/pages\/210083"}],"collection":[{"href":"https:\/\/itbf.se\/en\/wp-json\/wp\/v2\/pages"}],"about":[{"href":"https:\/\/itbf.se\/en\/wp-json\/wp\/v2\/types\/page"}],"author":[{"embeddable":true,"href":"https:\/\/itbf.se\/en\/wp-json\/wp\/v2\/users\/1"}],"replies":[{"embeddable":true,"href":"https:\/\/itbf.se\/en\/wp-json\/wp\/v2\/comments?post=210083"}],"version-history":[{"count":7,"href":"https:\/\/itbf.se\/en\/wp-json\/wp\/v2\/pages\/210083\/revisions"}],"predecessor-version":[{"id":211116,"href":"https:\/\/itbf.se\/en\/wp-json\/wp\/v2\/pages\/210083\/revisions\/211116"}],"wp:attachment":[{"href":"https:\/\/itbf.se\/en\/wp-json\/wp\/v2\/media?parent=210083"}],"curies":[{"name":"wp","href":"https:\/\/api.w.org\/{rel}","templated":true}]}}